{"id":2316,"date":"2025-02-28T21:29:57","date_gmt":"2025-02-28T20:29:57","guid":{"rendered":"https:\/\/tus-nord.de\/tus2\/?page_id=2316"},"modified":"2026-03-13T16:04:04","modified_gmt":"2026-03-13T15:04:04","slug":"startseite-2025","status":"publish","type":"page","link":"https:\/\/tus-nord.de\/tus2\/","title":{"rendered":"Startseite (2025)"},"content":{"rendered":"\n<div class=\"wp-block-uagb-container uagb-block-crcuigix alignfull uagb-is-root-container\"><div class=\"uagb-container-inner-blocks-wrap\">\n<div class=\"wp-block-uagb-info-box uagb-block-y74knjae uagb-infobox__content-wrap  uagb-infobox-icon-above-title uagb-infobox-image-valign-top\"><div class=\"uagb-ifb-content\"><div class=\"uagb-ifb-title-wrap\"><p class=\"uagb-ifb-title-prefix\"><strong>TuS D\u00fcsseldorf Nord e.V. Rollhockey<\/strong><\/p><h1 class=\"uagb-ifb-title\"><strong>Tempo trifft Tradition.<\/strong><\/h1><\/div><\/div><\/div>\n<\/div><\/div>\n\n\n\n<div class=\"wp-block-uagb-container uagb-block-us8aaxfx alignfull uagb-is-root-container\"><div class=\"uagb-container-inner-blocks-wrap\">\n<div class=\"wp-block-uagb-info-box uagb-block-xtn9eaby uagb-infobox__content-wrap  uagb-infobox-icon-above-title uagb-infobox-image-valign-top\"><div class=\"uagb-ifb-content\"><div class=\"uagb-ifb-icon-wrap\"><svg xmlns=\"https:\/\/www.w3.org\/2000\/svg\" viewBox=\"0 0 512 512\"><path d=\"M0 190.9V185.1C0 115.2 50.52 55.58 119.4 44.1C164.1 36.51 211.4 51.37 244 84.02L256 96L267.1 84.02C300.6 51.37 347 36.51 392.6 44.1C461.5 55.58 512 115.2 512 185.1V190.9C512 232.4 494.8 272.1 464.4 300.4L283.7 469.1C276.2 476.1 266.3 480 256 480C245.7 480 235.8 476.1 228.3 469.1L47.59 300.4C17.23 272.1 .0003 232.4 .0003 190.9L0 190.9z\"><\/path><\/svg><\/div><div class=\"uagb-ifb-title-wrap\"><h1 class=\"uagb-ifb-title\">TuS Nord ist DRIV Pokalsieger Herren 25\/26<\/h1><\/div><p class=\"uagb-ifb-desc\">Historischer Erfolg &#8211; unsere 1. Herrenmannschaft gewinnt zum ersten Mal in der 60-j\u00e4hrigen Geschichte des Vereins den deutschen Rollhockey-Pokal und holt den Titel nach Unterrath.<br><\/p><div class=\"uagb-ifb-button-wrapper wp-block-button\"><a href=\"https:\/\/rp-online.de\/nrw\/staedte\/duesseldorf\/sport\/rollhockey-tus-nord-kroent-historische-saison-mit-pokalsieg-im-finale-gegen-die-resg-walsum_aid-145018943\" class=\"uagb-infobox-cta-link wp-block-button__link\" target=\"_blank\" rel=\"noopener noreferrer\" onclick=\"return true;\"><span class=\"uagb-inline-editing\">Rheinische Post (RP)<\/span><\/a><\/div><\/div><\/div>\n<\/div><\/div>\n\n\n\n<div class=\"wp-block-uagb-container uagb-block-ry8byofa alignfull uagb-is-root-container\"><div class=\"uagb-container-inner-blocks-wrap\">\n<div class=\"wp-block-uagb-image aligncenter uagb-block-4ogkynz2 wp-block-uagb-image--layout-default wp-block-uagb-image--effect-static wp-block-uagb-image--align-center alignleft\"><figure class=\"wp-block-uagb-image__figure\"><img decoding=\"async\" srcset=\"https:\/\/tus-nord.de\/tus2\/wp-content\/uploads\/2026\/02\/6N9A9186-738x1024.jpg ,https:\/\/tus-nord.de\/tus2\/wp-content\/uploads\/2026\/02\/6N9A9186.jpg 780w, https:\/\/tus-nord.de\/tus2\/wp-content\/uploads\/2026\/02\/6N9A9186.jpg 360w\" sizes=\"auto, (max-width: 480px) 150px\" src=\"https:\/\/tus-nord.de\/tus2\/wp-content\/uploads\/2026\/02\/6N9A9186-738x1024.jpg\" alt=\"\" class=\"uag-image-2720\" width=\"564\" height=\"450\" title=\"6N9A9186\" loading=\"lazy\" role=\"img\"\/><\/figure><\/div>\n\n\n\n<div class=\"wp-block-uagb-info-box uagb-block-o8lquvpw uagb-infobox__content-wrap  uagb-infobox-icon-above-title uagb-infobox-image-valign-top\"><div class=\"uagb-ifb-content\"><div class=\"uagb-ifb-title-wrap\"><h2 class=\"uagb-ifb-title\">Unser Verein. Unser Sport.<\/h2><\/div><p class=\"uagb-ifb-desc\">Seit \u00fcber 100 Jahren&nbsp;ist Rollhockey ein fester Bestandteil des internationalen Sports. Bereits&nbsp;1901&nbsp;wurden die ersten Spiele ausgetragen, seit&nbsp;1936&nbsp;gibt es Weltmeisterschaften. W\u00e4hrend viele moderne Trendsportarten fl\u00fcchtig sind, bleibt Rollhockey ein authentisches, technisch anspruchsvolles Spiel, das Tradition und Innovation verbindet. <br><br>Seit den 1950ger Jahren hat Rollhockey auch im D\u00fcsseldorfer Norden Tradition. Der TuS D\u00fcsseldorf Nord e.V. ist mit seinen ersten Mannschaften in der 1. Herren und 1. Damen Bundesliga aktiv. Aber nicht nur das &#8211; auch die Jugend wird umfangreich gef\u00f6rdert und trainiert. Bis zu den Kleinsten, der Lauflerngruppe &#8222;Next Generation&#8220;.<\/p><\/div><\/div>\n<\/div><\/div>\n\n\n\n<div class=\"wp-block-uagb-container uagb-layout-flex uagb-block-jlilxgli alignfull uagb-is-root-container\"><div class=\"uagb-container-inner-blocks-wrap\">\n<div class=\"wp-block-uagb-info-box uagb-block-wutsqq2a uagb-infobox__content-wrap  uagb-infobox-icon-above-title uagb-infobox-image-valign-top\"><div class=\"uagb-ifb-content\"><div class=\"uagb-ifb-title-wrap\"><p class=\"uagb-ifb-title-prefix\">#Pr\u00e4zisionaufRollen #TuS1904<\/p><h2 class=\"uagb-ifb-title\">Rollhockey &#8211; Geschwindigkeit, Pr\u00e4zision und Tradition in Zahlen.<\/h2><\/div><\/div><\/div>\n\n\n\n<div class=\"wp-block-uagb-container uagb-block-4y3tlqrs\">\n<div class=\"wp-block-uagb-info-box uagb-block-8ndruovo uagb-infobox__content-wrap  uagb-infobox-icon-above-title uagb-infobox-image-valign-top\"><div class=\"uagb-ifb-content\"><div class=\"uagb-ifb-title-wrap\"><p class=\"uagb-ifb-title\">Rollhockey ist der vielleicht schnellste Teamsport auf Rollen.<\/p><\/div><p class=\"uagb-ifb-desc\">In nur&nbsp;45 Sekunden&nbsp;muss ein Angriff abgeschlossen sein \u2013 keine Zeit f\u00fcr Z\u00f6gern, keine Zeit f\u00fcr Fehler. Was z\u00e4hlt, ist blitzschnelle Reaktion, pr\u00e4zise Technik und perfektes Zusammenspiel. Und das seit mehr als 100 Jahren.<br><br>Gespielt wird auf einer&nbsp;20 x 40 Meter gro\u00dfen Spielfl\u00e4che, kleiner und kompakter als ein Eishockeyfeld. Dadurch entsteht ein intensives, hochdynamisches Spiel, in dem Ballkontrolle und schnelle Richtungswechsel entscheidend sind. Der Ball selbst ist mit&nbsp;23 cm Umfang&nbsp;klein und leicht, was eine au\u00dfergew\u00f6hnliche Pr\u00e4zision bei P\u00e4ssen und Torsch\u00fcssen erfordert. Anders als beim Eishockey spielen die Teams mit klassischen Rollschuhen \u2013 vier Rollen f\u00fcr maximale Wendigkeit und Stabilit\u00e4t, selbst in engen Situationen.<br><br>Ein Spiel besteht aus&nbsp;zwei 25-min\u00fctigen Halbzeiten, die voller Action sind: Angriffe, Konter und packende Torraumszenen wechseln sich im Sekundentakt ab. Dabei erreichen die Spieler mit ihren Rollen Geschwindigkeiten von bis zu&nbsp;30 km\/h, w\u00e4hrend sie millimetergenau mit dem Schl\u00e4ger arbeiten \u2013 ein Zusammenspiel von Technik, Kondition und mentaler St\u00e4rke. Diese F\u00e4higkeiten werden \u00fcber Jahre, teilweise \u00fcber Jahrzehnte, intensiv erlernt, um sie dann im Profisport perfekt einsetzen zu k\u00f6nnen.<\/p><\/div><\/div>\n\n\n\n<div class=\"wp-block-uagb-container uagb-block-l2qzczrp\">\n<div class=\"wp-block-uagb-info-box uagb-block-bfks5qyb uagb-infobox__content-wrap  uagb-infobox-icon-above-title uagb-infobox-image-valign-top wp-block-uagb-info-box--has-margin\"><div class=\"uagb-infobox-margin-wrapper\"><div class=\"uagb-ifb-content\"><div class=\"uagb-ifb-title-wrap\"><h4 class=\"uagb-ifb-title\">bis zu 30 km\/h<\/h4><\/div><p class=\"uagb-ifb-desc\">Geschwindigkeit der Spieler<\/p><\/div><\/div><\/div>\n\n\n\n<div class=\"wp-block-uagb-info-box uagb-block-mulp4l7u uagb-infobox__content-wrap  uagb-infobox-icon-above-title uagb-infobox-image-valign-top wp-block-uagb-info-box--has-margin\"><div class=\"uagb-infobox-margin-wrapper\"><div class=\"uagb-ifb-content\"><div class=\"uagb-ifb-title-wrap\"><h4 class=\"uagb-ifb-title\">45 Sekunden<\/h4><\/div><p class=\"uagb-ifb-desc\">Zeit f\u00fcr einen Angriff<\/p><\/div><\/div><\/div>\n\n\n\n<div class=\"wp-block-uagb-info-box uagb-block-ekg4vds1 uagb-infobox__content-wrap  uagb-infobox-icon-above-title uagb-infobox-image-valign-top wp-block-uagb-info-box--has-margin\"><div class=\"uagb-infobox-margin-wrapper\"><div class=\"uagb-ifb-content\"><div class=\"uagb-ifb-title-wrap\"><h4 class=\"uagb-ifb-title\">40x20m<\/h4><\/div><p class=\"uagb-ifb-desc\">Spielfeldgr\u00f6\u00dfe<\/p><\/div><\/div><\/div>\n<\/div>\n<\/div>\n<\/div><\/div>\n\n\n\n<div class=\"wp-block-uagb-container uagb-block-lkhoylaq alignfull uagb-is-root-container\"><div class=\"uagb-container-inner-blocks-wrap\">\n<div class=\"wp-block-uagb-container uagb-block-mpxedozr\">\n<div class=\"wp-block-uagb-info-box uagb-block-10v7cix6 uagb-infobox__content-wrap  uagb-infobox-icon-above-title uagb-infobox-image-valign-top\"><div class=\"uagb-ifb-content\"><div class=\"uagb-ifb-title-wrap\"><p class=\"uagb-ifb-title-prefix\">Aktuelles<\/p><h3 class=\"uagb-ifb-title\">Spielpl\u00e4ne der Mannschaften<\/h3><\/div><\/div><\/div>\n<\/div>\n\n\n\n<div class=\"wp-block-uagb-container uagb-layout-grid uagb-block-5qlvld9n\">\n<div class=\"wp-block-uagb-container uagb-block-nuspo3w1\">\n<div class=\"wp-block-uagb-info-box uagb-block-7dowgqqw uagb-infobox__content-wrap  uagb-infobox-icon-above-title uagb-infobox-image-valign-top\"><div class=\"uagb-ifb-content\"><div class=\"uagb-ifb-icon-wrap\"><div class=\"uagb-iconbox-icon-wrap uagb-infobox-shape-circle\"><svg xmlns=\"https:\/\/www.w3.org\/2000\/svg\" viewBox=\"0 0 512 512\"><path d=\"M416 32h-64c-17.67 0-32 14.33-32 32s14.33 32 32 32h64c17.67 0 32 14.33 32 32v256c0 17.67-14.33 32-32 32h-64c-17.67 0-32 14.33-32 32s14.33 32 32 32h64c53.02 0 96-42.98 96-96V128C512 74.98 469 32 416 32zM342.6 233.4l-128-128c-12.51-12.51-32.76-12.49-45.25 0c-12.5 12.5-12.5 32.75 0 45.25L242.8 224H32C14.31 224 0 238.3 0 256s14.31 32 32 32h210.8l-73.38 73.38c-12.5 12.5-12.5 32.75 0 45.25s32.75 12.5 45.25 0l128-128C355.1 266.1 355.1 245.9 342.6 233.4z\"><\/path><\/svg><\/div><\/div><div class=\"uagb-ifb-title-wrap\"><h4 class=\"uagb-ifb-title\">1. Bundesliga Herren<\/h4><\/div><div class=\"uagb-ifb-button-wrapper wp-block-button\"><a href=\"https:\/\/spielplan.rollhockey.de\/lm\/saison\/29\/liga\/407\" class=\"uagb-infobox-cta-link wp-block-button__link\" target=\"_blank\" rel=\"noopener noreferrer\" onclick=\"return true;\"><span class=\"uagb-inline-editing\">Ergebnisse<\/span><\/a><\/div><\/div><\/div>\n<\/div>\n\n\n\n<div class=\"wp-block-uagb-container uagb-block-2qlpcnru\">\n<div class=\"wp-block-uagb-info-box uagb-block-i38uzl0w uagb-infobox__content-wrap  uagb-infobox-icon-above-title uagb-infobox-image-valign-top\"><div class=\"uagb-ifb-content\"><div class=\"uagb-ifb-icon-wrap\"><div class=\"uagb-iconbox-icon-wrap uagb-infobox-shape-circle\"><svg xmlns=\"https:\/\/www.w3.org\/2000\/svg\" viewBox=\"0 0 512 512\"><path d=\"M416 32h-64c-17.67 0-32 14.33-32 32s14.33 32 32 32h64c17.67 0 32 14.33 32 32v256c0 17.67-14.33 32-32 32h-64c-17.67 0-32 14.33-32 32s14.33 32 32 32h64c53.02 0 96-42.98 96-96V128C512 74.98 469 32 416 32zM342.6 233.4l-128-128c-12.51-12.51-32.76-12.49-45.25 0c-12.5 12.5-12.5 32.75 0 45.25L242.8 224H32C14.31 224 0 238.3 0 256s14.31 32 32 32h210.8l-73.38 73.38c-12.5 12.5-12.5 32.75 0 45.25s32.75 12.5 45.25 0l128-128C355.1 266.1 355.1 245.9 342.6 233.4z\"><\/path><\/svg><\/div><\/div><div class=\"uagb-ifb-title-wrap\"><h4 class=\"uagb-ifb-title\">1. Bundesliga Damen<\/h4><\/div><div class=\"uagb-ifb-button-wrapper wp-block-button\"><a href=\"https:\/\/spielplan.rollhockey.de\/lm\/saison\/29\/liga\/411\" class=\"uagb-infobox-cta-link wp-block-button__link\" target=\"_blank\" rel=\"noopener noreferrer\" onclick=\"return true;\"><span class=\"uagb-inline-editing\">Ergebnisse<\/span><\/a><\/div><\/div><\/div>\n<\/div>\n\n\n\n<div class=\"wp-block-uagb-container uagb-block-bqcowicj\">\n<div class=\"wp-block-uagb-info-box uagb-block-62shtsrz uagb-infobox__content-wrap  uagb-infobox-icon-above-title uagb-infobox-image-valign-top\"><div class=\"uagb-ifb-content\"><div class=\"uagb-ifb-icon-wrap\"><div class=\"uagb-iconbox-icon-wrap uagb-infobox-shape-circle\"><svg xmlns=\"https:\/\/www.w3.org\/2000\/svg\" viewBox=\"0 0 512 512\"><path d=\"M416 32h-64c-17.67 0-32 14.33-32 32s14.33 32 32 32h64c17.67 0 32 14.33 32 32v256c0 17.67-14.33 32-32 32h-64c-17.67 0-32 14.33-32 32s14.33 32 32 32h64c53.02 0 96-42.98 96-96V128C512 74.98 469 32 416 32zM342.6 233.4l-128-128c-12.51-12.51-32.76-12.49-45.25 0c-12.5 12.5-12.5 32.75 0 45.25L242.8 224H32C14.31 224 0 238.3 0 256s14.31 32 32 32h210.8l-73.38 73.38c-12.5 12.5-12.5 32.75 0 45.25s32.75 12.5 45.25 0l128-128C355.1 266.1 355.1 245.9 342.6 233.4z\"><\/path><\/svg><\/div><\/div><div class=\"uagb-ifb-title-wrap\"><h4 class=\"uagb-ifb-title\">Regionalliga NRW<\/h4><\/div><div class=\"uagb-ifb-button-wrapper wp-block-button\"><a href=\"https:\/\/spielplan.rollhockey.de\/lm\/saison\/29\/liga\/421\" class=\"uagb-infobox-cta-link wp-block-button__link\" target=\"_blank\" rel=\"noopener noreferrer\" onclick=\"return true;\"><span class=\"uagb-inline-editing\">Ergebnisse<\/span><\/a><\/div><\/div><\/div>\n<\/div>\n\n\n\n<div class=\"wp-block-uagb-container uagb-block-unfgfmwz\">\n<div class=\"wp-block-uagb-info-box uagb-block-djibiadt uagb-infobox__content-wrap  uagb-infobox-icon-above-title uagb-infobox-image-valign-top\"><div class=\"uagb-ifb-content\"><div class=\"uagb-ifb-icon-wrap\"><div class=\"uagb-iconbox-icon-wrap uagb-infobox-shape-circle\"><svg xmlns=\"https:\/\/www.w3.org\/2000\/svg\" viewBox=\"0 0 512 512\"><path d=\"M416 32h-64c-17.67 0-32 14.33-32 32s14.33 32 32 32h64c17.67 0 32 14.33 32 32v256c0 17.67-14.33 32-32 32h-64c-17.67 0-32 14.33-32 32s14.33 32 32 32h64c53.02 0 96-42.98 96-96V128C512 74.98 469 32 416 32zM342.6 233.4l-128-128c-12.51-12.51-32.76-12.49-45.25 0c-12.5 12.5-12.5 32.75 0 45.25L242.8 224H32C14.31 224 0 238.3 0 256s14.31 32 32 32h210.8l-73.38 73.38c-12.5 12.5-12.5 32.75 0 45.25s32.75 12.5 45.25 0l128-128C355.1 266.1 355.1 245.9 342.6 233.4z\"><\/path><\/svg><\/div><\/div><div class=\"uagb-ifb-title-wrap\"><h4 class=\"uagb-ifb-title\">Alle Liegen<\/h4><\/div><div class=\"uagb-ifb-button-wrapper wp-block-button\"><a href=\"https:\/\/spielplan.rollhockey.de\/lm\/saison\/29\" class=\"uagb-infobox-cta-link wp-block-button__link\" target=\"_blank\" rel=\"noopener noreferrer\" onclick=\"return true;\"><span class=\"uagb-inline-editing\">Ergebnisse<\/span><\/a><\/div><\/div><\/div>\n<\/div>\n<\/div>\n<\/div><\/div>\n\n\n\n<div class=\"wp-block-uagb-container uagb-block-j1yfghdk alignfull uagb-is-root-container\"><div class=\"uagb-container-inner-blocks-wrap\">\n<div class=\"wp-block-uagb-container uagb-block-buisdnuy\">\n<div class=\"wp-block-uagb-info-box uagb-block-aqdmj7zn uagb-infobox__content-wrap  uagb-infobox-icon-above-title uagb-infobox-image-valign-top\"><div class=\"uagb-ifb-content\"><div class=\"uagb-ifb-title-wrap\"><h2 class=\"uagb-ifb-title\">Kontakt<\/h2><\/div><p class=\"uagb-ifb-desc\">TuS D\u00fcsseldorf Nord e.V. &#8211; Abteilung Rollhockey<\/p><\/div><\/div>\n\n\n\n<div class=\"wp-block-uagb-info-box uagb-block-wy5ao3hc uagb-infobox__content-wrap  uagb-infobox-icon-left-title uagb-infobox-left uagb-infobox-image-valign-top\"><div class=\"uagb-ifb-content\"><div class=\"uagb-ifb-left-title-image\"><div class=\"uagb-ifb-icon-wrap\"><svg xmlns=\"https:\/\/www.w3.org\/2000\/svg\" viewBox=\"0 0 384 512\"><path d=\"M168.3 499.2C116.1 435 0 279.4 0 192C0 85.96 85.96 0 192 0C298 0 384 85.96 384 192C384 279.4 267 435 215.7 499.2C203.4 514.5 180.6 514.5 168.3 499.2H168.3zM192 256C227.3 256 256 227.3 256 192C256 156.7 227.3 128 192 128C156.7 128 128 156.7 128 192C128 227.3 156.7 256 192 256z\"><\/path><\/svg><\/div><div class=\"uagb-ifb-title-wrap\"><p class=\"uagb-ifb-title\">Adresse<\/p><\/div><\/div><p class=\"uagb-ifb-desc\">Rollsporthalle, Eckener Stra\u00dfe 49, 40468 D\u00fcsseldorf<\/p><div class=\"uagb-ifb-separator\"><\/div><\/div><\/div>\n\n\n\n<div class=\"wp-block-uagb-info-box uagb-block-n5nfouh0 uagb-infobox__content-wrap  uagb-infobox-icon-left-title uagb-infobox-left uagb-infobox-image-valign-top\"><div class=\"uagb-ifb-content\"><div class=\"uagb-ifb-left-title-image\"><div class=\"uagb-ifb-icon-wrap\"><svg xmlns=\"https:\/\/www.w3.org\/2000\/svg\" viewBox=\"0 0 512 512\"><path d=\"M511.2 387l-23.25 100.8c-3.266 14.25-15.79 24.22-30.46 24.22C205.2 512 0 306.8 0 54.5c0-14.66 9.969-27.2 24.22-30.45l100.8-23.25C139.7-2.602 154.7 5.018 160.8 18.92l46.52 108.5c5.438 12.78 1.77 27.67-8.98 36.45L144.5 207.1c33.98 69.22 90.26 125.5 159.5 159.5l44.08-53.8c8.688-10.78 23.69-14.51 36.47-8.975l108.5 46.51C506.1 357.2 514.6 372.4 511.2 387z\"><\/path><\/svg><\/div><div class=\"uagb-ifb-title-wrap\"><p class=\"uagb-ifb-title\">Telefon<\/p><\/div><\/div><p class=\"uagb-ifb-desc\">0211 \/ 42 08 71<\/p><div class=\"uagb-ifb-separator\"><\/div><\/div><\/div>\n\n\n\n<div class=\"wp-block-uagb-info-box uagb-block-k8pxdfyu uagb-infobox__content-wrap  uagb-infobox-icon-left-title uagb-infobox-left uagb-infobox-image-valign-top\"><div class=\"uagb-ifb-content\"><div class=\"uagb-ifb-left-title-image\"><div class=\"uagb-ifb-icon-wrap\"><svg xmlns=\"https:\/\/www.w3.org\/2000\/svg\" viewBox=\"0 0 512 512\"><path d=\"M464 64C490.5 64 512 85.49 512 112C512 127.1 504.9 141.3 492.8 150.4L275.2 313.6C263.8 322.1 248.2 322.1 236.8 313.6L19.2 150.4C7.113 141.3 0 127.1 0 112C0 85.49 21.49 64 48 64H464zM217.6 339.2C240.4 356.3 271.6 356.3 294.4 339.2L512 176V384C512 419.3 483.3 448 448 448H64C28.65 448 0 419.3 0 384V176L217.6 339.2z\"><\/path><\/svg><\/div><div class=\"uagb-ifb-title-wrap\"><p class=\"uagb-ifb-title\">Email<\/p><\/div><\/div><p class=\"uagb-ifb-desc\"><a href=\"mailto:Abteilungsleitung@rollhockey.tus-nord.de\">Abteilungsleitung@rollhockey.tus-nord.de<\/a><\/p><div class=\"uagb-ifb-separator\"><\/div><\/div><\/div>\n<\/div>\n\n\n\t\t\t<div \n\t\t\tclass=\"wp-block-uagb-google-map uagb-google-map__wrap uagb-block-xk7nn04u     \"\n\t\t\tstyle=\"\" >\n\t\t\t\t<embed\n\t\t\t\t\tclass=\"uagb-google-map__iframe\"\n\t\t\t\t\ttitle=\"Google Map for \"\n\t\t\t\t\tsrc=\"https:\/\/maps.google.com\/maps?q=Eckener%20Stra%C3%9Fe%2049%2C%2040468%20D%C3%BCsseldorf&#038;z=12&#038;hl=en&#038;t=m&#038;output=embed&#038;iwloc=near\"\n\t\t\t\t\twidth=\"640\"\n\t\t\t\t\theight=\"446\"\n\t\t\t\t\tloading=\"lazy\"\n\t\t\t\t><\/embed>\n\t\t\t<\/div>\n\t\t\t<\/div><\/div>\n\n\n\n<div class=\"wp-block-uagb-container uagb-layout-grid uagb-block-xk1abnpw alignfull uagb-is-root-container\"><div class=\"uagb-container-inner-blocks-wrap\">\n<div class=\"wp-block-uagb-info-box uagb-block-1mbmjqyg uagb-infobox__content-wrap  uagb-infobox-icon-above-title uagb-infobox-image-valign-top wp-block-uagb-info-box--has-margin\"><div class=\"uagb-infobox-margin-wrapper\"><div class=\"uagb-ifb-content\"><div class=\"uagb-ifb-title-wrap\"><h2 class=\"uagb-ifb-title\">Mitglied werden.<\/h2><\/div><p class=\"uagb-ifb-desc\">Du bist interessiert, unseren Verein kennenzulernen und aktiv am Vereinsleben teilzunehmen? Dann findest du hier unsere Ansprechpartner oder kannst direkt den Mitgliedsantrag herunterladen. Wir freuen uns auf dich!<br><br><\/p><div class=\"uagb-ifb-button-wrapper wp-block-button\"><a href=\"https:\/\/tus-nord.de\/tus2\/wp-content\/uploads\/2017\/04\/Anmeldeformular_TuS_ab-04_2015.pdf\" class=\"uagb-infobox-cta-link wp-block-button__link\" target=\"_self\" rel=\"noopener noreferrer\" onclick=\"return true;\"><span class=\"uagb-inline-editing\">Mitgliedsantrag herunterladen<\/span><\/a><\/div><\/div><\/div><\/div>\n\n\n\n<div class=\"wp-block-uagb-buttons uagb-buttons__outer-wrap uagb-btn__default-btn uagb-btn-tablet__default-btn uagb-btn-mobile__default-btn uagb-block-gionokqd\"><div class=\"uagb-buttons__wrap uagb-buttons-layout-wrap \">\n<div class=\"wp-block-uagb-buttons-child uagb-buttons__outer-wrap uagb-block-974813ed wp-block-button\"><div class=\"uagb-button__wrapper\"><a class=\"uagb-buttons-repeater wp-block-button__link\" aria-label=\"\" href=\"https:\/\/tus-nord.de\/tus2\/kontakt-2025\/\" rel=\"follow noopener\" target=\"_self\" role=\"button\"><div class=\"uagb-button__link\">Ansprechpartner<\/div><\/a><\/div><\/div>\n\n\n\n<div class=\"wp-block-uagb-buttons-child uagb-buttons__outer-wrap uagb-block-51e7bd7e wp-block-button\"><div class=\"uagb-button__wrapper\"><a class=\"uagb-buttons-repeater wp-block-button__link\" aria-label=\"\" href=\"https:\/\/tus-nord.de\/tus2\/wp-content\/uploads\/2017\/05\/Satzung-TuS_neu.pdf\" rel=\"follow noopener\" target=\"_self\" role=\"button\"><div class=\"uagb-button__link\">      Satzung      <\/div><\/a><\/div><\/div>\n<\/div><\/div>\n<\/div><\/div>\n","protected":false},"excerpt":{"rendered":"","protected":false},"author":18,"featured_media":0,"parent":0,"menu_order":0,"comment_status":"closed","ping_status":"closed","template":"","meta":{"_uag_custom_page_level_css":"","site-sidebar-layout":"default","site-content-layout":"","ast-site-content-layout":"default","site-content-style":"default","site-sidebar-style":"default","ast-global-header-display":"","ast-banner-title-visibility":"","ast-main-header-display":"","ast-hfb-above-header-display":"","ast-hfb-below-header-display":"","ast-hfb-mobile-header-display":"","site-post-title":"disabled","ast-breadcrumbs-content":"","ast-featured-img":"","footer-sml-layout":"","theme-transparent-header-meta":"default","adv-header-id-meta":"","stick-header-meta":"","header-above-stick-meta":"","header-main-stick-meta":"","header-below-stick-meta":"","astra-migrate-meta-layouts":"set","ast-page-background-enabled":"default","ast-page-background-meta":{"desktop":{"background-color":"var(--ast-global-color-5)","background-image":"","background-repeat":"repeat","background-position":"center center","background-size":"auto","background-attachment":"scroll","background-type":"","background-media":"","overlay-type":"","overlay-color":"","overlay-opacity":"","overlay-gradient":""},"tablet":{"background-color":"","background-image":"","background-repeat":"repeat","background-position":"center center","background-size":"auto","background-attachment":"scroll","background-type":"","background-media":"","overlay-type":"","overlay-color":"","overlay-opacity":"","overlay-gradient":""},"mobile":{"background-color":"","background-image":"","background-repeat":"repeat","background-position":"center center","background-size":"auto","background-attachment":"scroll","background-type":"","background-media":"","overlay-type":"","overlay-color":"","overlay-opacity":"","overlay-gradient":""}},"ast-content-background-meta":{"desktop":{"background-color":"var(--ast-global-color-4)","background-image":"","background-repeat":"repeat","background-position":"center center","background-size":"auto","background-attachment":"scroll","background-type":"","background-media":"","overlay-type":"","overlay-color":"","overlay-opacity":"","overlay-gradient":""},"tablet":{"background-color":"var(--ast-global-color-4)","background-image":"","background-repeat":"repeat","background-position":"center center","background-size":"auto","background-attachment":"scroll","background-type":"","background-media":"","overlay-type":"","overlay-color":"","overlay-opacity":"","overlay-gradient":""},"mobile":{"background-color":"var(--ast-global-color-4)","background-image":"","background-repeat":"repeat","background-position":"center center","background-size":"auto","background-attachment":"scroll","background-type":"","background-media":"","overlay-type":"","overlay-color":"","overlay-opacity":"","overlay-gradient":""}},"footnotes":""},"class_list":["post-2316","page","type-page","status-publish","hentry"],"uagb_featured_image_src":{"full":false,"thumbnail":false,"medium":false,"medium_large":false,"large":false,"1536x1536":false,"2048x2048":false},"uagb_author_info":{"display_name":"Markus Frowein","author_link":"https:\/\/tus-nord.de\/tus2\/author\/frowein\/"},"uagb_comment_info":0,"uagb_excerpt":null,"_links":{"self":[{"href":"https:\/\/tus-nord.de\/tus2\/wp-json\/wp\/v2\/pages\/2316","targetHints":{"allow":["GET"]}}],"collection":[{"href":"https:\/\/tus-nord.de\/tus2\/wp-json\/wp\/v2\/pages"}],"about":[{"href":"https:\/\/tus-nord.de\/tus2\/wp-json\/wp\/v2\/types\/page"}],"author":[{"embeddable":true,"href":"https:\/\/tus-nord.de\/tus2\/wp-json\/wp\/v2\/users\/18"}],"replies":[{"embeddable":true,"href":"https:\/\/tus-nord.de\/tus2\/wp-json\/wp\/v2\/comments?post=2316"}],"version-history":[{"count":55,"href":"https:\/\/tus-nord.de\/tus2\/wp-json\/wp\/v2\/pages\/2316\/revisions"}],"predecessor-version":[{"id":2794,"href":"https:\/\/tus-nord.de\/tus2\/wp-json\/wp\/v2\/pages\/2316\/revisions\/2794"}],"wp:attachment":[{"href":"https:\/\/tus-nord.de\/tus2\/wp-json\/wp\/v2\/media?parent=2316"}],"curies":[{"name":"wp","href":"https:\/\/api.w.org\/{rel}","templated":true}]}}