{"id":2438,"date":"2025-02-28T21:32:03","date_gmt":"2025-02-28T20:32:03","guid":{"rendered":"https:\/\/tus-nord.de\/tus2\/?page_id=2438"},"modified":"2026-02-24T21:34:15","modified_gmt":"2026-02-24T20:34:15","slug":"verein-2025","status":"publish","type":"page","link":"https:\/\/tus-nord.de\/tus2\/verein-2025\/","title":{"rendered":"Verein (2025)"},"content":{"rendered":"\n\n\n<div class=\"wp-block-uagb-container uagb-block-laedbjuk alignfull uagb-is-root-container\"><div class=\"uagb-container-inner-blocks-wrap\">\n<div class=\"wp-block-uagb-info-box uagb-block-acdyse9h uagb-infobox__content-wrap  uagb-infobox-icon-above-title uagb-infobox-image-valign-top\"><div class=\"uagb-ifb-content\"><div class=\"uagb-ifb-title-wrap\"><h1 class=\"uagb-ifb-title\">Unser Verein<\/h1><\/div><\/div><\/div>\n<\/div><\/div>\n\n\n\n\n\n<div class=\"wp-block-uagb-container uagb-block-ubwygafh alignfull uagb-is-root-container\"><div class=\"uagb-container-inner-blocks-wrap\">\n<div class=\"wp-block-uagb-info-box uagb-block-8kp9la5a uagb-infobox__content-wrap  uagb-infobox-icon-above-title uagb-infobox-image-valign-top\"><div class=\"uagb-ifb-content\"><div class=\"uagb-ifb-title-wrap\"><h2 class=\"uagb-ifb-title\">Geschichte<\/h2><\/div><\/div><\/div>\n\n\n\n<div class=\"wp-block-uagb-container uagb-block-mkpgitxs\">\n<div class=\"wp-block-uagb-info-box uagb-block-0ylobq6s uagb-infobox__content-wrap  uagb-infobox-icon-above-title uagb-infobox-image-valign-top\"><div class=\"uagb-ifb-content\"><div class=\"uagb-ifb-title-wrap\"><\/div><p class=\"uagb-ifb-desc\">\u201eGegr\u00fcndet wurde unser Verein im Jahre 1904 in der Gastst\u00e4tte \u201e Zur Kaiserecke\u201c. Es gab keinen Eintrag in das Vereinsregister, so dass die Gr\u00fcndungsmitglieder leider nicht mehr bekannt sind. Die allererste \u00dcbungsst\u00e4tte befand sich in dem damaligen Lokal \u201eBaues\u201c in D\u00fcsseldorf-Unterrath. Mit dem Bau der Turnhalle der Schule an der Golzheimer Heide erhielt man dann endlich ein festes Domizil mit modernen Ger\u00e4ten.<br><br>Im Jahr 1912, also 8 Jahre nach der Gr\u00fcndung, wurde auch eine eigene Vereinsfahne angeschafft. Sie kostete damals den sagenhaften Preis von 650,- Goldmark. Diese Fahne wurde nach dem ersten Weltkrieg von den Unterrather Sch\u00fctzen als Sch\u00fctzenfahne umgearbeitet, da der Verein kurzzeitig nicht wiederbelebt werden konnte. Jedoch gab es dann einen Nachfolgeverein von \u201eGUT HEIL\u201c, den Unterrather Turnverein. Ihm wurde die Fahne zur\u00fcckgegeben und wieder umgearbeitet. Diese Fahne befindet sich noch heute im Besitz des TuS D\u00fcsseldorf \u2013 Nord.<br><br>Im Jahr 1923 wurde der Verein nach Errichtung einer Satzung vom 22.04.1923 als \u201eTurn- und Sportvereinigung D\u00fcsseldorf Unterrath\u201c in das Vereinsregister eingetragen. Mitte des Jahres 1929 entschloss sich der Verein, auf einem gepachteten Gel\u00e4nde, das sich damals noch auf der Golzheimer Heide befand, eine eigene Turnhalle zu bauen: Von 1925 bis 1926 wurde in Eigenarbeit ein Heim mit einer Turnhalle 10 x 10 Meter errichtet.<br><br>1933 wurde der Verein von den Nazis aufgel\u00f6st. Im Vereinsregister vom 10.09.1935 steht folgender Eintrag: \u201eDer Verein ist infolge Wegfalls s\u00e4mtlicher Mitglieder untergegangen\u201c. Gegen diesen Eintrag wurde bei der Wiedereinrichtung des Vereins unter dem Hinweis, dass der Verein aus politischen Gr\u00fcnden verboten wurde, Einspruch eingelegt.<\/p><\/div><\/div>\n\n\n\n<div class=\"wp-block-uagb-info-box uagb-block-kzs81cqt uagb-infobox__content-wrap  uagb-infobox-icon-above-title uagb-infobox-image-valign-top\"><div class=\"uagb-ifb-content\"><div class=\"uagb-ifb-title-wrap\"><\/div><p class=\"uagb-ifb-desc\">Bereits im Jahr 1947 wurden die ersten Pl\u00e4ne f\u00fcr die Erweiterung der Sportanlagen gefasst: Geplant wurde eine gro\u00dfe Turnhalle 10 x 20 m mit einer gro\u00dfen B\u00fchne, Umkleider\u00e4umen, Duschen, Toiletten und Kellerr\u00e4ume, ferner eine Vereinsgastst\u00e4tte und Wohnungen f\u00fcr den Wirt und den Hausmeister. Dieses Vorhaben wurde im Wesentlichen 1958 abgeschlossen, wobei die Unterkellerung der Turnhalle jedoch erst im Jahr 1976 fertig gestellt wurde. <br><br>Noch w\u00e4hrend der Arbeiten an der Turnhalle wurde im Jahr 1954 der Bau einer Rollschuhbahn geplant und begonnen. Der erste Teil der Rollschuhbahn, 20 x 20 m unter freiem Himmel, konnte am 04.09.1955 eingeweiht werden; sie wurde zun\u00e4chst f\u00fcr Rollkunstlauf genutzt. Die Erweiterung mit Bau eines Leitstandes (1958), Zuschauertrib\u00fcnen und die Erweiterung auf 40 x 40 m f\u00fcr Rollhockey, alles noch unter freiem Himmel, konnte 1961 vollendet werden.<br><br>Mit der Erweiterung der Fu\u00dfballabteilung wurde der Verein 1974 in TuS D\u00fcsseldorf \u2013 Nord umbenannt.<br><br>Weitere Bauma\u00dfnahmen waren der Bau von 5 Tennispl\u00e4tzen (1972 bis 1986), diverse Bauten auf der vom Verein gemieteten Bezirkssportanlage am Ammerweg (seit 1974), Bau eines Schie\u00dfstandes mit 10 Bahnen sowie die \u00dcberdachung der Rollsportbahn mit einem Zeltdach in 1985, \u00dcberdachung der Rollsportbahn mit einem festen Dach in 2003 und die W\u00e4rmeisolierung der W\u00e4nde der Rollsportbahn in 2009.<br><br>Im Jahr 2024 wurde letztlich der Kabinenneubau f\u00fcr die Rollhockeyhalle fertiggestellt. Seitdem stehen den Sportlern und Teams vier gro\u00dfe, Moderne Umkleiden, Duschen und Teamr\u00e4ume zur Verf\u00fcgung.<\/p><\/div><\/div>\n<\/div>\n<\/div><\/div>\n\n\n\n<div class=\"wp-block-uagb-container uagb-block-rcueqyfq alignfull uagb-is-root-container\"><div class=\"uagb-container-inner-blocks-wrap\">\n<div class=\"wp-block-uagb-container uagb-layout-grid uagb-block-ajtaxmel\">\n<div class=\"wp-block-uagb-image alignleft uagb-block-5m2h7vcb wp-block-uagb-image--layout-default wp-block-uagb-image--effect-static wp-block-uagb-image--align-left\"><figure class=\"wp-block-uagb-image__figure\"><img decoding=\"async\" srcset=\"https:\/\/tus-nord.de\/tus2\/wp-content\/uploads\/2025\/02\/Streaming-Bild-5-768x1024.jpg ,https:\/\/tus-nord.de\/tus2\/wp-content\/uploads\/2025\/02\/Streaming-Bild-5.jpg 780w, https:\/\/tus-nord.de\/tus2\/wp-content\/uploads\/2025\/02\/Streaming-Bild-5.jpg 360w\" sizes=\"auto, (max-width: 480px) 150px\" src=\"https:\/\/tus-nord.de\/tus2\/wp-content\/uploads\/2025\/02\/Streaming-Bild-5-768x1024.jpg\" alt=\"\" class=\"uag-image-2368\" width=\"384\" height=\"384\" title=\"Streaming Bild 5\" loading=\"lazy\" role=\"img\"\/><\/figure><\/div>\n\n\n\n<div class=\"wp-block-uagb-image alignleft uagb-block-9omntlzc wp-block-uagb-image--layout-default wp-block-uagb-image--effect-static wp-block-uagb-image--align-left\"><figure class=\"wp-block-uagb-image__figure\"><img decoding=\"async\" srcset=\"https:\/\/tus-nord.de\/tus2\/wp-content\/uploads\/2025\/02\/1.-Herren-Bild-1024x611.jpg ,https:\/\/tus-nord.de\/tus2\/wp-content\/uploads\/2025\/02\/1.-Herren-Bild.jpg 780w, https:\/\/tus-nord.de\/tus2\/wp-content\/uploads\/2025\/02\/1.-Herren-Bild.jpg 360w\" sizes=\"auto, (max-width: 480px) 150px\" src=\"https:\/\/tus-nord.de\/tus2\/wp-content\/uploads\/2025\/02\/1.-Herren-Bild-1024x611.jpg\" alt=\"\" class=\"uag-image-2323\" width=\"384\" height=\"384\" title=\"1. Herren Bild\" loading=\"lazy\" role=\"img\"\/><\/figure><\/div>\n\n\n\n<div class=\"wp-block-uagb-image alignleft uagb-block-fmdrsjqr wp-block-uagb-image--layout-default wp-block-uagb-image--effect-static wp-block-uagb-image--align-left\"><figure class=\"wp-block-uagb-image__figure\"><img decoding=\"async\" srcset=\"https:\/\/tus-nord.de\/tus2\/wp-content\/uploads\/2025\/02\/Neubau-Bild-1-1024x587.jpg ,https:\/\/tus-nord.de\/tus2\/wp-content\/uploads\/2025\/02\/Neubau-Bild-1.jpg 780w, https:\/\/tus-nord.de\/tus2\/wp-content\/uploads\/2025\/02\/Neubau-Bild-1.jpg 360w\" sizes=\"auto, (max-width: 480px) 150px\" src=\"https:\/\/tus-nord.de\/tus2\/wp-content\/uploads\/2025\/02\/Neubau-Bild-1-1024x587.jpg\" alt=\"\" class=\"uag-image-2343\" width=\"384\" height=\"384\" title=\"Neubau Bild 1\" loading=\"lazy\" role=\"img\"\/><\/figure><\/div>\n\n\n\n<div class=\"wp-block-uagb-image alignleft uagb-block-goovqaod wp-block-uagb-image--layout-default wp-block-uagb-image--effect-static wp-block-uagb-image--align-left\"><figure class=\"wp-block-uagb-image__figure\"><img decoding=\"async\" srcset=\"https:\/\/tus-nord.de\/tus2\/wp-content\/uploads\/2025\/02\/Foerderverein-Sitzkissen2.jpeg ,https:\/\/tus-nord.de\/tus2\/wp-content\/uploads\/2025\/02\/Foerderverein-Sitzkissen2.jpeg 780w, https:\/\/tus-nord.de\/tus2\/wp-content\/uploads\/2025\/02\/Foerderverein-Sitzkissen2.jpeg 360w\" sizes=\"auto, (max-width: 480px) 150px\" src=\"https:\/\/tus-nord.de\/tus2\/wp-content\/uploads\/2025\/02\/Foerderverein-Sitzkissen2.jpeg\" alt=\"\" class=\"uag-image-2340\" width=\"384\" height=\"384\" title=\"F\u00f6rderverein Sitzkissen2\" loading=\"lazy\" role=\"img\"\/><\/figure><\/div>\n\n\n\n<div class=\"wp-block-uagb-image alignleft uagb-block-akzwxuk8 wp-block-uagb-image--layout-default wp-block-uagb-image--effect-static wp-block-uagb-image--align-left\"><figure class=\"wp-block-uagb-image__figure\"><img decoding=\"async\" srcset=\"https:\/\/tus-nord.de\/tus2\/wp-content\/uploads\/2025\/02\/Neubau-Bild-6-768x1024.jpg ,https:\/\/tus-nord.de\/tus2\/wp-content\/uploads\/2025\/02\/Neubau-Bild-6.jpg 780w, https:\/\/tus-nord.de\/tus2\/wp-content\/uploads\/2025\/02\/Neubau-Bild-6.jpg 360w\" sizes=\"auto, (max-width: 480px) 150px\" src=\"https:\/\/tus-nord.de\/tus2\/wp-content\/uploads\/2025\/02\/Neubau-Bild-6-768x1024.jpg\" alt=\"\" class=\"uag-image-2348\" width=\"384\" height=\"384\" title=\"Neubau Bild 6\" loading=\"lazy\" role=\"img\"\/><\/figure><\/div>\n\n\n\n<div class=\"wp-block-uagb-image alignleft uagb-block-d4u416qt wp-block-uagb-image--layout-default wp-block-uagb-image--effect-static wp-block-uagb-image--align-left\"><figure class=\"wp-block-uagb-image__figure\"><img decoding=\"async\" srcset=\"https:\/\/tus-nord.de\/tus2\/wp-content\/uploads\/2026\/02\/IMG_2256-768x1024.jpeg ,https:\/\/tus-nord.de\/tus2\/wp-content\/uploads\/2026\/02\/IMG_2256-scaled.jpeg 780w, https:\/\/tus-nord.de\/tus2\/wp-content\/uploads\/2026\/02\/IMG_2256-scaled.jpeg 360w\" sizes=\"auto, (max-width: 480px) 150px\" src=\"https:\/\/tus-nord.de\/tus2\/wp-content\/uploads\/2026\/02\/IMG_2256-768x1024.jpeg\" alt=\"\" class=\"uag-image-2765\" width=\"384\" height=\"384\" title=\"IMG_2256\" loading=\"lazy\" role=\"img\"\/><\/figure><\/div>\n<\/div>\n<\/div><\/div>\n\n\n\n\n\n<div class=\"wp-block-uagb-container uagb-block-svn2jc9r alignfull uagb-is-root-container\"><div class=\"uagb-container-inner-blocks-wrap\">\n<div class=\"wp-block-uagb-info-box uagb-block-supetvxe uagb-infobox__content-wrap  uagb-infobox-icon-above-title uagb-infobox-image-valign-top\"><div class=\"uagb-ifb-content\"><div class=\"uagb-ifb-title-wrap\"><p class=\"uagb-ifb-title-prefix\">Werde TEil unseres Teams<\/p><h2 class=\"uagb-ifb-title\">Mitglied werden<\/h2><\/div><p class=\"uagb-ifb-desc\">Eine Mitgliedschaft kann ganz einfach \u00fcber unser Anmeldeformular begr\u00fcndet werden. Bitte laden Sie das Formular \u00fcber den Button herunter und senden es per Post oder E-Mail an uns zur\u00fcck.<br><\/p><div class=\"uagb-ifb-button-wrapper wp-block-button\"><a href=\"https:\/\/tus-nord.de\/tus2\/wp-content\/uploads\/2017\/04\/Anmeldeformular_TuS_ab-04_2015.pdf\" class=\"uagb-infobox-cta-link wp-block-button__link\" target=\"_blank\" rel=\"noopener noreferrer\" onclick=\"return true;\"><span class=\"uagb-inline-editing\">Mitgliedsantrag herunterladen<\/span><\/a><\/div><\/div><\/div>\n\n\n\n<div class=\"wp-block-uagb-container uagb-block-cxdnxxri\">\n<div class=\"wp-block-uagb-info-box uagb-block-pb6lxifo uagb-infobox__content-wrap  uagb-infobox-icon-left-title uagb-infobox-left uagb-infobox-image-valign-top\"><div class=\"uagb-ifb-content\"><div class=\"uagb-ifb-left-title-image\"><div class=\"uagb-ifb-title-wrap\"><h3 class=\"uagb-ifb-title\">Jahresbeitr\u00e4ge<\/h3><\/div><\/div><p class=\"uagb-ifb-desc\">g\u00fctig ab 01.01.2023<\/p><div class=\"uagb-ifb-separator\"><\/div><div class=\"uagb-ifb-button-wrapper wp-block-button\"><a href=\"https:\/\/tus-nord.de\/tus2\/wp-content\/uploads\/2017\/05\/Satzung-TuS_neu.pdf\" class=\"uagb-infobox-cta-link wp-block-button__link\" target=\"_self\" rel=\"noopener noreferrer\" onclick=\"return true;\"><span class=\"uagb-inline-editing\">Satzung<\/span><\/a><\/div><\/div><\/div>\n\n\n\n<p>&nbsp;<\/p>\n<table style=\"border-collapse: collapse; width: 100%; height: 205px;\">\n<tbody>\n<tr style=\"height: 23px;\">\n<td style=\"width: 50%; height: 23px;\">&nbsp;<\/td>\n<td style=\"width: 50%; height: 23px;\">Jahresbeitrag<\/td>\n<\/tr>\n<tr style=\"height: 23px;\">\n<td style=\"width: 50%; height: 23px;\">Erwachsene<\/td>\n<td style=\"width: 50%; height: 23px;\">179 Euro<\/td>\n<\/tr>\n<tr style=\"height: 45px;\">\n<td style=\"width: 50%; height: 45px;\">Erwachsene (zweites Mitglied)<\/td>\n<td style=\"width: 50%; height: 45px;\">167 Euro<\/td>\n<\/tr>\n<tr style=\"height: 23px;\">\n<td style=\"width: 50%; height: 23px;\">Jugendliche<\/td>\n<td style=\"width: 50%; height: 23px;\">121 Euro<\/td>\n<\/tr>\n<tr style=\"height: 45px;\">\n<td style=\"width: 50%; height: 45px;\">Jugendliche (zweites Mitglied)<\/td>\n<td style=\"width: 50%; height: 45px;\">109 Euro<\/td>\n<\/tr>\n<tr style=\"height: 23px;\">\n<td style=\"width: 50%; height: 23px;\">Familie<\/td>\n<td style=\"width: 50%; height: 23px;\">261 Euro<\/td>\n<\/tr>\n<tr style=\"height: 23px;\">\n<td style=\"width: 50%; height: 23px;\">Passiv<\/td>\n<td style=\"width: 50%; height: 23px;\">58 Euro<\/td>\n<\/tr>\n<\/tbody>\n<\/table>\n<\/div>\n<\/div><\/div>\n\n\n","protected":false},"excerpt":{"rendered":"<p>&nbsp; &nbsp; Jahresbeitrag Erwachsene 179 Euro Erwachsene (zweites Mitglied) 167 Euro Jugendliche 121 Euro Jugendliche (zweites Mitglied) 109 Euro Familie [&hellip;]<\/p>\n","protected":false},"author":18,"featured_media":0,"parent":0,"menu_order":0,"comment_status":"closed","ping_status":"closed","template":"","meta":{"_uag_custom_page_level_css":"","site-sidebar-layout":"default","site-content-layout":"","ast-site-content-layout":"","site-content-style":"default","site-sidebar-style":"default","ast-global-header-display":"","ast-banner-title-visibility":"","ast-main-header-display":"","ast-hfb-above-header-display":"","ast-hfb-below-header-display":"","ast-hfb-mobile-header-display":"","site-post-title":"disabled","ast-breadcrumbs-content":"","ast-featured-img":"","footer-sml-layout":"","theme-transparent-header-meta":"","adv-header-id-meta":"","stick-header-meta":"","header-above-stick-meta":"","header-main-stick-meta":"","header-below-stick-meta":"","astra-migrate-meta-layouts":"default","ast-page-background-enabled":"default","ast-page-background-meta":{"desktop":{"background-color":"var(--ast-global-color-5)","background-image":"","background-repeat":"repeat","background-position":"center center","background-size":"auto","background-attachment":"scroll","background-type":"","background-media":"","overlay-type":"","overlay-color":"","overlay-opacity":"","overlay-gradient":""},"tablet":{"background-color":"","background-image":"","background-repeat":"repeat","background-position":"center center","background-size":"auto","background-attachment":"scroll","background-type":"","background-media":"","overlay-type":"","overlay-color":"","overlay-opacity":"","overlay-gradient":""},"mobile":{"background-color":"","background-image":"","background-repeat":"repeat","background-position":"center center","background-size":"auto","background-attachment":"scroll","background-type":"","background-media":"","overlay-type":"","overlay-color":"","overlay-opacity":"","overlay-gradient":""}},"ast-content-background-meta":{"desktop":{"background-color":"var(--ast-global-color-4)","background-image":"","background-repeat":"repeat","background-position":"center center","background-size":"auto","background-attachment":"scroll","background-type":"","background-media":"","overlay-type":"","overlay-color":"","overlay-opacity":"","overlay-gradient":""},"tablet":{"background-color":"var(--ast-global-color-4)","background-image":"","background-repeat":"repeat","background-position":"center center","background-size":"auto","background-attachment":"scroll","background-type":"","background-media":"","overlay-type":"","overlay-color":"","overlay-opacity":"","overlay-gradient":""},"mobile":{"background-color":"var(--ast-global-color-4)","background-image":"","background-repeat":"repeat","background-position":"center center","background-size":"auto","background-attachment":"scroll","background-type":"","background-media":"","overlay-type":"","overlay-color":"","overlay-opacity":"","overlay-gradient":""}},"footnotes":""},"class_list":["post-2438","page","type-page","status-publish","hentry"],"uagb_featured_image_src":{"full":false,"thumbnail":false,"medium":false,"medium_large":false,"large":false,"1536x1536":false,"2048x2048":false},"uagb_author_info":{"display_name":"Markus Frowein","author_link":"https:\/\/tus-nord.de\/tus2\/author\/frowein\/"},"uagb_comment_info":0,"uagb_excerpt":"&nbsp; &nbsp; Jahresbeitrag Erwachsene 179 Euro Erwachsene (zweites Mitglied) 167 Euro Jugendliche 121 Euro Jugendliche (zweites Mitglied) 109 Euro Familie [&hellip;]","_links":{"self":[{"href":"https:\/\/tus-nord.de\/tus2\/wp-json\/wp\/v2\/pages\/2438","targetHints":{"allow":["GET"]}}],"collection":[{"href":"https:\/\/tus-nord.de\/tus2\/wp-json\/wp\/v2\/pages"}],"about":[{"href":"https:\/\/tus-nord.de\/tus2\/wp-json\/wp\/v2\/types\/page"}],"author":[{"embeddable":true,"href":"https:\/\/tus-nord.de\/tus2\/wp-json\/wp\/v2\/users\/18"}],"replies":[{"embeddable":true,"href":"https:\/\/tus-nord.de\/tus2\/wp-json\/wp\/v2\/comments?post=2438"}],"version-history":[{"count":9,"href":"https:\/\/tus-nord.de\/tus2\/wp-json\/wp\/v2\/pages\/2438\/revisions"}],"predecessor-version":[{"id":2766,"href":"https:\/\/tus-nord.de\/tus2\/wp-json\/wp\/v2\/pages\/2438\/revisions\/2766"}],"wp:attachment":[{"href":"https:\/\/tus-nord.de\/tus2\/wp-json\/wp\/v2\/media?parent=2438"}],"curies":[{"name":"wp","href":"https:\/\/api.w.org\/{rel}","templated":true}]}}