{"id":2457,"date":"2025-02-28T21:31:41","date_gmt":"2025-02-28T20:31:41","guid":{"rendered":"https:\/\/tus-nord.de\/tus2\/?page_id=2457"},"modified":"2026-03-01T16:51:04","modified_gmt":"2026-03-01T15:51:04","slug":"kontakt-2025","status":"publish","type":"page","link":"https:\/\/tus-nord.de\/tus2\/kontakt-2025\/","title":{"rendered":"Kontakt &amp; F\u00f6rderung (2025)"},"content":{"rendered":"\n<div class=\"wp-block-uagb-container uagb-block-zovhed5s alignfull uagb-is-root-container\"><div class=\"uagb-container-inner-blocks-wrap\">\n<div class=\"wp-block-uagb-info-box uagb-block-k5j1danz uagb-infobox__content-wrap  uagb-infobox-icon-above-title uagb-infobox-image-valign-top\"><div class=\"uagb-ifb-content\"><div class=\"uagb-ifb-title-wrap\"><h1 class=\"uagb-ifb-title\">Kontakt &amp; F\u00f6rderung<\/h1><\/div><\/div><\/div>\n<\/div><\/div>\n\n\n\n<div class=\"wp-block-uagb-container uagb-block-4amzstan alignfull uagb-is-root-container\"><div class=\"uagb-container-inner-blocks-wrap\">\n<div class=\"wp-block-uagb-container uagb-block-2n6lw6n8\">\n<div class=\"wp-block-uagb-info-box uagb-block-xjlg7vdr uagb-infobox__content-wrap  uagb-infobox-icon-above-title uagb-infobox-image-valign-top\"><div class=\"uagb-ifb-content\"><div class=\"uagb-ifb-title-wrap\"><h3 class=\"uagb-ifb-title\">Ansprechpartner<\/h3><\/div><\/div><\/div>\n\n\n\n<figure class=\"wp-block-table\"><table><tbody><tr><td>Abteilungsleitung<\/td><td>Dr. Nicole Paczia<\/td><td>Abteilungsleitung@rollhockey.tus-nord.de<\/td><\/tr><tr><td>Partnering &amp; Sponsoring<\/td><td>Markus Frowein<\/td><td>leitung2@rollhockey.tus-nord.de<\/td><\/tr><tr><td>Jugendleitung<\/td><td>Anja Steber<\/td><td>GFJugend@rollhockey.tus-nord.de<\/td><\/tr><tr><td>F\u00f6rderverein<\/td><td>Sven Beckmann<\/td><td>&nbsp;michabaltes@t-online.de<\/td><\/tr><tr><td>Probetraining<\/td><td>B\u00e4rbel Paczia<\/td><td><a href=\"NextGeneration.TM@Rollhockey.TuS-Nord.de\">NextGeneration.TM@Rollhockey.TuS-Nord.de<\/a><\/td><\/tr><\/tbody><\/table><\/figure>\n<\/div>\n\n\n\n<div class=\"wp-block-uagb-container uagb-block-gpdwa45x\">\n<div class=\"wp-block-uagb-info-box uagb-block-kh5zf3x6 uagb-infobox__content-wrap  uagb-infobox-icon-above-title uagb-infobox-image-valign-top\"><div class=\"uagb-ifb-content\"><div class=\"uagb-ifb-title-wrap\"><h3 class=\"uagb-ifb-title\">Rollhockeyabteilung<\/h3><\/div><\/div><\/div>\n\n\n\n<div class=\"wp-block-uagb-info-box uagb-block-6vcxnso8 uagb-infobox__content-wrap  uagb-infobox-icon-left uagb-infobox-left uagb-infobox-image-valign-top\"><div class=\"uagb-ifb-icon-wrap\"><div class=\"uagb-iconbox-icon-wrap uagb-infobox-shape-circle\"><svg xmlns=\"https:\/\/www.w3.org\/2000\/svg\" viewBox=\"0 0 512 512\"><path d=\"M464 64C490.5 64 512 85.49 512 112C512 127.1 504.9 141.3 492.8 150.4L275.2 313.6C263.8 322.1 248.2 322.1 236.8 313.6L19.2 150.4C7.113 141.3 0 127.1 0 112C0 85.49 21.49 64 48 64H464zM217.6 339.2C240.4 356.3 271.6 356.3 294.4 339.2L512 176V384C512 419.3 483.3 448 448 448H64C28.65 448 0 419.3 0 384V176L217.6 339.2z\"><\/path><\/svg><\/div><\/div><div class=\"uagb-ifb-content\"><div class=\"uagb-ifb-title-wrap\"><h4 class=\"uagb-ifb-title\">Email<\/h4><\/div><p class=\"uagb-ifb-desc\">Abteilungsleitung@rollhockey.tus-nord.de<\/p><\/div><\/div>\n\n\n\n<div class=\"wp-block-uagb-info-box uagb-block-lgsk1bp9 uagb-infobox__content-wrap  uagb-infobox-icon-left uagb-infobox-left uagb-infobox-image-valign-top\"><div class=\"uagb-ifb-icon-wrap\"><div class=\"uagb-iconbox-icon-wrap uagb-infobox-shape-circle\"><svg xmlns=\"https:\/\/www.w3.org\/2000\/svg\" viewBox=\"0 0 512 512\"><path d=\"M511.2 387l-23.25 100.8c-3.266 14.25-15.79 24.22-30.46 24.22C205.2 512 0 306.8 0 54.5c0-14.66 9.969-27.2 24.22-30.45l100.8-23.25C139.7-2.602 154.7 5.018 160.8 18.92l46.52 108.5c5.438 12.78 1.77 27.67-8.98 36.45L144.5 207.1c33.98 69.22 90.26 125.5 159.5 159.5l44.08-53.8c8.688-10.78 23.69-14.51 36.47-8.975l108.5 46.51C506.1 357.2 514.6 372.4 511.2 387z\"><\/path><\/svg><\/div><\/div><div class=\"uagb-ifb-content\"><div class=\"uagb-ifb-title-wrap\"><h4 class=\"uagb-ifb-title\">Telefon<\/h4><\/div><p class=\"uagb-ifb-desc\">0211 \/ 42 08 71<\/p><\/div><\/div>\n\n\n\n<div class=\"wp-block-uagb-info-box uagb-block-ghzgtnpg uagb-infobox__content-wrap  uagb-infobox-icon-left uagb-infobox-left uagb-infobox-image-valign-top\"><div class=\"uagb-ifb-icon-wrap\"><div class=\"uagb-iconbox-icon-wrap uagb-infobox-shape-circle\"><svg xmlns=\"https:\/\/www.w3.org\/2000\/svg\" viewBox=\"0 0 384 512\"><path d=\"M168.3 499.2C116.1 435 0 279.4 0 192C0 85.96 85.96 0 192 0C298 0 384 85.96 384 192C384 279.4 267 435 215.7 499.2C203.4 514.5 180.6 514.5 168.3 499.2H168.3zM192 256C227.3 256 256 227.3 256 192C256 156.7 227.3 128 192 128C156.7 128 128 156.7 128 192C128 227.3 156.7 256 192 256z\"><\/path><\/svg><\/div><\/div><div class=\"uagb-ifb-content\"><div class=\"uagb-ifb-title-wrap\"><h4 class=\"uagb-ifb-title\">Adresse<\/h4><\/div><p class=\"uagb-ifb-desc\">Eckener Stra\u00dfe 49, 40468 D\u00fcsseldorf<\/p><\/div><\/div>\n\n\n\n<div class=\"wp-block-uagb-container uagb-block-kejgpnqi\">\n<div class=\"wp-block-uagb-info-box uagb-block-bsqhhimn uagb-infobox__content-wrap  uagb-infobox-icon-above-title uagb-infobox-image-valign-top\"><div class=\"uagb-ifb-content\"><div class=\"uagb-ifb-title-wrap\"><p class=\"uagb-ifb-title\">FOLGE UNS:<\/p><\/div><\/div><\/div>\n\n\n\n<div class=\"wp-block-uagb-icon-list uagb-block-wjnbzdr2\"><div class=\"uagb-icon-list__wrap\">\n<div class=\"wp-block-uagb-icon-list-child uagb-block-ywl3ob18\"><a target=\"_self\" aria-label=\"List item\" rel=\"noopener noreferrer\" href=\"https:\/\/www.facebook.com\/TUSNORDHerrenRollhockey\"> <\/a><span class=\"uagb-icon-list__source-wrap\"><svg xmlns=\"https:\/\/www.w3.org\/2000\/svg\" viewBox=\"0 0 512 512\"><path d=\"M504 256C504 119 393 8 256 8S8 119 8 256c0 123.8 90.69 226.4 209.3 245V327.7h-63V256h63v-54.64c0-62.15 37-96.48 93.67-96.48 27.14 0 55.52 4.84 55.52 4.84v61h-31.28c-30.8 0-40.41 19.12-40.41 38.73V256h68.78l-11 71.69h-57.78V501C413.3 482.4 504 379.8 504 256z\"><\/path><\/svg><\/span><\/div>\n\n\n\n<div class=\"wp-block-uagb-icon-list-child uagb-block-kowladio\"><a target=\"_self\" aria-label=\"List item\" rel=\"noopener noreferrer\" href=\"https:\/\/www.instagram.com\/tusnord.rollhockey\/\"> <\/a><span class=\"uagb-icon-list__source-wrap\"><svg xmlns=\"https:\/\/www.w3.org\/2000\/svg\" viewBox=\"0 0 448 512\"><path d=\"M224.1 141c-63.6 0-114.9 51.3-114.9 114.9s51.3 114.9 114.9 114.9S339 319.5 339 255.9 287.7 141 224.1 141zm0 189.6c-41.1 0-74.7-33.5-74.7-74.7s33.5-74.7 74.7-74.7 74.7 33.5 74.7 74.7-33.6 74.7-74.7 74.7zm146.4-194.3c0 14.9-12 26.8-26.8 26.8-14.9 0-26.8-12-26.8-26.8s12-26.8 26.8-26.8 26.8 12 26.8 26.8zm76.1 27.2c-1.7-35.9-9.9-67.7-36.2-93.9-26.2-26.2-58-34.4-93.9-36.2-37-2.1-147.9-2.1-184.9 0-35.8 1.7-67.6 9.9-93.9 36.1s-34.4 58-36.2 93.9c-2.1 37-2.1 147.9 0 184.9 1.7 35.9 9.9 67.7 36.2 93.9s58 34.4 93.9 36.2c37 2.1 147.9 2.1 184.9 0 35.9-1.7 67.7-9.9 93.9-36.2 26.2-26.2 34.4-58 36.2-93.9 2.1-37 2.1-147.8 0-184.8zM398.8 388c-7.8 19.6-22.9 34.7-42.6 42.6-29.5 11.7-99.5 9-132.1 9s-102.7 2.6-132.1-9c-19.6-7.8-34.7-22.9-42.6-42.6-11.7-29.5-9-99.5-9-132.1s-2.6-102.7 9-132.1c7.8-19.6 22.9-34.7 42.6-42.6 29.5-11.7 99.5-9 132.1-9s102.7-2.6 132.1 9c19.6 7.8 34.7 22.9 42.6 42.6 11.7 29.5 9 99.5 9 132.1s2.7 102.7-9 132.1z\"><\/path><\/svg><\/span><\/div>\n\n\n\n<div class=\"wp-block-uagb-icon-list-child uagb-block-fkeikvky\"><a target=\"_self\" aria-label=\"List item\" rel=\"noopener noreferrer\" href=\"https:\/\/www.youtube.com\/@TuSNordRollhockey\"> <\/a><span class=\"uagb-icon-list__source-wrap\"><svg xmlns=\"https:\/\/www.w3.org\/2000\/svg\" viewBox=\"0 0 576 512\"><path d=\"M549.7 124.1c-6.281-23.65-24.79-42.28-48.28-48.6C458.8 64 288 64 288 64S117.2 64 74.63 75.49c-23.5 6.322-42 24.95-48.28 48.6-11.41 42.87-11.41 132.3-11.41 132.3s0 89.44 11.41 132.3c6.281 23.65 24.79 41.5 48.28 47.82C117.2 448 288 448 288 448s170.8 0 213.4-11.49c23.5-6.321 42-24.17 48.28-47.82 11.41-42.87 11.41-132.3 11.41-132.3s0-89.44-11.41-132.3zm-317.5 213.5V175.2l142.7 81.21-142.7 81.2z\"><\/path><\/svg><\/span><\/div>\n<\/div><\/div>\n<\/div>\n<\/div>\n<\/div><\/div>\n\n\n\n<div class=\"wp-block-uagb-container uagb-block-neqbxold alignfull uagb-is-root-container\"><div class=\"uagb-container-inner-blocks-wrap\">\n<div class=\"wp-block-uagb-info-box uagb-block-s8hrtqwo uagb-infobox__content-wrap  uagb-infobox-icon-above-title uagb-infobox-image-valign-top\"><div class=\"uagb-ifb-content\"><div class=\"uagb-ifb-title-wrap\"><p class=\"uagb-ifb-title-prefix\">PartnerinG &amp; Sponsoring<\/p><h2 class=\"uagb-ifb-title\"><strong>NORD<\/strong>Partner gesucht&#8230;<\/h2><\/div><p class=\"uagb-ifb-desc\">&#8230;bei einem Verein mit Tradition, Tempo und Gemeinschaft.<br><br>Seit Jahrzehnten ist Rollhockey ein zentraler Teil des\u00a0TuS D\u00fcsseldorf Nord e.V.\u00a0\u2013 ein Sport, der hohe Pr\u00e4zision, Geschwindigkeit und Teamgeist auf Rollen verbindet. Unsere 1. Herren- und Damenmannschaften spielen in der\u00a0<strong>Rollhockey-Bundesliga<\/strong>, und unsere Nachwuchsarbeit reicht von den J\u00fcngsten in der \u201eNext Generation\u201c bis zu leistungsorientierten Teams in den h\u00f6heren Altersklassen. Wir stellen die gr\u00f6\u00dfte Jugendabteilung im deutschen Rollhockeysport.<br><br><\/p><div class=\"uagb-ifb-button-wrapper wp-block-button\"><a href=\"mailto:leitung2@rollhockey.tus-nord.de?subject=Anfrage%20Partnering%20TuS%20Nord%20Rollhockey\" class=\"uagb-infobox-cta-link wp-block-button__link\" target=\"_self\" rel=\"noopener noreferrer\" onclick=\"return true;\"><span class=\"uagb-inline-editing\">Jetzt Partner werden!<\/span><\/a><\/div><\/div><\/div>\n\n\n\n<div class=\"wp-block-uagb-container uagb-block-ztmcvevb\">\n<div class=\"wp-block-uagb-info-box uagb-block-3ugphnyx uagb-infobox__content-wrap  uagb-infobox-icon-left-title uagb-infobox-left uagb-infobox-image-valign-top\"><div class=\"uagb-ifb-content\"><div class=\"uagb-ifb-left-title-image\"><div class=\"uagb-ifb-icon-wrap\"><svg xmlns=\"https:\/\/www.w3.org\/2000\/svg\" viewBox=\"0 0 448 512\"><path d=\"M438.6 105.4C451.1 117.9 451.1 138.1 438.6 150.6L182.6 406.6C170.1 419.1 149.9 419.1 137.4 406.6L9.372 278.6C-3.124 266.1-3.124 245.9 9.372 233.4C21.87 220.9 42.13 220.9 54.63 233.4L159.1 338.7L393.4 105.4C405.9 92.88 426.1 92.88 438.6 105.4H438.6z\"><\/path><\/svg><\/div><div class=\"uagb-ifb-title-wrap\"><h3 class=\"uagb-ifb-title\"><strong>authentischer und schneller Mannschaftssport<\/strong><\/h3><\/div><\/div><p class=\"uagb-ifb-desc\">der seit den 1950er Jahren im D\u00fcsseldorfer Norden verwurzelt ist.<\/p><div class=\"uagb-ifb-separator\"><\/div><\/div><\/div>\n\n\n\n<div class=\"wp-block-uagb-info-box uagb-block-xj4khvvc uagb-infobox__content-wrap  uagb-infobox-icon-left-title uagb-infobox-left uagb-infobox-image-valign-top\"><div class=\"uagb-ifb-content\"><div class=\"uagb-ifb-left-title-image\"><div class=\"uagb-ifb-icon-wrap\"><svg xmlns=\"https:\/\/www.w3.org\/2000\/svg\" viewBox=\"0 0 448 512\"><path d=\"M438.6 105.4C451.1 117.9 451.1 138.1 438.6 150.6L182.6 406.6C170.1 419.1 149.9 419.1 137.4 406.6L9.372 278.6C-3.124 266.1-3.124 245.9 9.372 233.4C21.87 220.9 42.13 220.9 54.63 233.4L159.1 338.7L393.4 105.4C405.9 92.88 426.1 92.88 438.6 105.4H438.6z\"><\/path><\/svg><\/div><div class=\"uagb-ifb-title-wrap\"><h3 class=\"uagb-ifb-title\"><strong>engagierte Jugendarbeit<\/strong><\/h3><\/div><\/div><p class=\"uagb-ifb-desc\">die Kinder und Jugendliche in Bewegung bringt und soziale Werte vermittelt.<\/p><div class=\"uagb-ifb-separator\"><\/div><\/div><\/div>\n\n\n\n<div class=\"wp-block-uagb-info-box uagb-block-b1909a2f uagb-infobox__content-wrap  uagb-infobox-icon-left-title uagb-infobox-left uagb-infobox-image-valign-top\"><div class=\"uagb-ifb-content\"><div class=\"uagb-ifb-left-title-image\"><div class=\"uagb-ifb-icon-wrap\"><svg xmlns=\"https:\/\/www.w3.org\/2000\/svg\" viewBox=\"0 0 448 512\"><path d=\"M438.6 105.4C451.1 117.9 451.1 138.1 438.6 150.6L182.6 406.6C170.1 419.1 149.9 419.1 137.4 406.6L9.372 278.6C-3.124 266.1-3.124 245.9 9.372 233.4C21.87 220.9 42.13 220.9 54.63 233.4L159.1 338.7L393.4 105.4C405.9 92.88 426.1 92.88 438.6 105.4H438.6z\"><\/path><\/svg><\/div><div class=\"uagb-ifb-title-wrap\"><h3 class=\"uagb-ifb-title\"><strong>h\u00f6chste Leistungsklassen<\/strong><\/h3><\/div><\/div><p class=\"uagb-ifb-desc\">von Bundesligamannschaften bis hin zu Nationalspielern.<\/p><div class=\"uagb-ifb-separator\"><\/div><\/div><\/div>\n<\/div>\n<\/div><\/div>\n\n\n\n<div class=\"wp-block-uagb-container uagb-block-9vdg8s1a alignfull uagb-is-root-container\"><div class=\"uagb-container-inner-blocks-wrap\">\n<div class=\"wp-block-uagb-image alignleft uagb-block-7tbxxjfe wp-block-uagb-image--layout-default wp-block-uagb-image--effect-static wp-block-uagb-image--align-left\"><figure class=\"wp-block-uagb-image__figure\"><img decoding=\"async\" srcset=\"https:\/\/tus-nord.de\/tus2\/wp-content\/uploads\/2025\/09\/2509_FoeVe_Vorstand_neu-scaled-e1758984233135-1024x870.jpg ,https:\/\/tus-nord.de\/tus2\/wp-content\/uploads\/2025\/09\/2509_FoeVe_Vorstand_neu-scaled-e1758984233135.jpg 780w, https:\/\/tus-nord.de\/tus2\/wp-content\/uploads\/2025\/09\/2509_FoeVe_Vorstand_neu-scaled-e1758984233135.jpg 360w\" sizes=\"auto, (max-width: 480px) 150px\" src=\"https:\/\/tus-nord.de\/tus2\/wp-content\/uploads\/2025\/09\/2509_FoeVe_Vorstand_neu-scaled-e1758984233135-1024x870.jpg\" alt=\"\" class=\"uag-image-2612\" width=\"565\" height=\"423\" title=\"2509_F\u00f6Ve_Vorstand_neu\" loading=\"lazy\" role=\"img\"\/><\/figure><\/div>\n\n\n\n<div class=\"wp-block-uagb-container uagb-block-sqtsgi43\">\n<div class=\"wp-block-uagb-info-box uagb-block-e66wyjzp uagb-infobox__content-wrap  uagb-infobox-icon-above-title uagb-infobox-image-valign-top\"><div class=\"uagb-ifb-content\"><div class=\"uagb-ifb-title-wrap\"><p class=\"uagb-ifb-title-prefix\">Unterst\u00fctzung<\/p><h2 class=\"uagb-ifb-title\">F\u00f6rderverein Rollhockey<\/h2><\/div><p class=\"uagb-ifb-desc\">Der \u201eF\u00f6rderverein zur ideellen und materiellen F\u00f6rderung der Rollsportabteilung des TuS D\u00fcsseldorf-Nord e. V.\u201c, wurde am 04.08.1999 von Mitgliedern, Eltern und Rollsport begeisterten Personen gegr\u00fcndet. Das Ziel ist, den Rollsport im TuS D\u00fcsseldorf \u2013 Nord finanziell zu unterst\u00fctzen. Heute sind immer noch 6 von den 9 Gr\u00fcndungpersonen aktiv&nbsp;&nbsp;dabei.<br><br>In den letzten 22 Jahren konnten wir viele Projekte in verschiedensten Jahrg\u00e4ngen der Rollsportabteilung unterst\u00fctzen, wie z. B. mit Anschaffung und Zusch\u00fcssen f\u00fcr&nbsp;Sportausr\u00fcstungen&nbsp;(z.B. Torwarte), Fahrkostenzusch\u00fcsse bei Ausw\u00e4rtsspielen (Deutsche Meisterschaften, Auslands-Fahrten, etc), Zusch\u00fcssen bzw. Vorauszahlungen f\u00fcr gro\u00dfe Turniere.<br>&nbsp;<br>Der Vorstand des F\u00f6rdervereins setzt sich wie folgt zusammen:<br><br>1. Vorsitzender: Sven Beckmann<br>2. Vorsitzende: B\u00e4rbel Paczia<br>Kassierer: Michael Baltes<br><br>Wer unterst\u00fctzen m\u00f6chte, kann den Mitgliedsantrag herunterladen und per Post oder E-Mail an uns senden.<br><br><\/p><div class=\"uagb-ifb-button-wrapper wp-block-button\"><a href=\"https:\/\/tus-nord.de\/tus2\/wp-content\/uploads\/2025\/09\/Anmeldeformular_Foerderverein-2025.pdf\" class=\"uagb-infobox-cta-link wp-block-button__link\" target=\"_blank\" rel=\"noopener noreferrer\" onclick=\"return true;\"><span class=\"uagb-inline-editing\">Mitgliedsantrag herunterladen<\/span><\/a><\/div><\/div><\/div>\n<\/div>\n<\/div><\/div>\n\n\n","protected":false},"excerpt":{"rendered":"<p>Abteilungsleitung Dr. Nicole Paczia Abteilungsleitung@rollhockey.tus-nord.de Partnering &amp; Sponsoring Markus Frowein leitung2@rollhockey.tus-nord.de Jugendleitung Anja Steber GFJugend@rollhockey.tus-nord.de F\u00f6rderverein Sven Beckmann &nbsp;michabaltes@t-online.de Probetraining [&hellip;]<\/p>\n","protected":false},"author":18,"featured_media":0,"parent":0,"menu_order":0,"comment_status":"closed","ping_status":"closed","template":"","meta":{"_uag_custom_page_level_css":"","site-sidebar-layout":"default","site-content-layout":"","ast-site-content-layout":"","site-content-style":"default","site-sidebar-style":"default","ast-global-header-display":"","ast-banner-title-visibility":"","ast-main-header-display":"","ast-hfb-above-header-display":"","ast-hfb-below-header-display":"","ast-hfb-mobile-header-display":"","site-post-title":"disabled","ast-breadcrumbs-content":"","ast-featured-img":"","footer-sml-layout":"","theme-transparent-header-meta":"","adv-header-id-meta":"","stick-header-meta":"","header-above-stick-meta":"","header-main-stick-meta":"","header-below-stick-meta":"","astra-migrate-meta-layouts":"default","ast-page-background-enabled":"default","ast-page-background-meta":{"desktop":{"background-color":"var(--ast-global-color-5)","background-image":"","background-repeat":"repeat","background-position":"center center","background-size":"auto","background-attachment":"scroll","background-type":"","background-media":"","overlay-type":"","overlay-color":"","overlay-opacity":"","overlay-gradient":""},"tablet":{"background-color":"","background-image":"","background-repeat":"repeat","background-position":"center center","background-size":"auto","background-attachment":"scroll","background-type":"","background-media":"","overlay-type":"","overlay-color":"","overlay-opacity":"","overlay-gradient":""},"mobile":{"background-color":"","background-image":"","background-repeat":"repeat","background-position":"center center","background-size":"auto","background-attachment":"scroll","background-type":"","background-media":"","overlay-type":"","overlay-color":"","overlay-opacity":"","overlay-gradient":""}},"ast-content-background-meta":{"desktop":{"background-color":"var(--ast-global-color-4)","background-image":"","background-repeat":"repeat","background-position":"center center","background-size":"auto","background-attachment":"scroll","background-type":"","background-media":"","overlay-type":"","overlay-color":"","overlay-opacity":"","overlay-gradient":""},"tablet":{"background-color":"var(--ast-global-color-4)","background-image":"","background-repeat":"repeat","background-position":"center center","background-size":"auto","background-attachment":"scroll","background-type":"","background-media":"","overlay-type":"","overlay-color":"","overlay-opacity":"","overlay-gradient":""},"mobile":{"background-color":"var(--ast-global-color-4)","background-image":"","background-repeat":"repeat","background-position":"center center","background-size":"auto","background-attachment":"scroll","background-type":"","background-media":"","overlay-type":"","overlay-color":"","overlay-opacity":"","overlay-gradient":""}},"footnotes":""},"class_list":["post-2457","page","type-page","status-publish","hentry"],"uagb_featured_image_src":{"full":false,"thumbnail":false,"medium":false,"medium_large":false,"large":false,"1536x1536":false,"2048x2048":false},"uagb_author_info":{"display_name":"Markus Frowein","author_link":"https:\/\/tus-nord.de\/tus2\/author\/frowein\/"},"uagb_comment_info":0,"uagb_excerpt":"Abteilungsleitung Dr. Nicole Paczia Abteilungsleitung@rollhockey.tus-nord.de Partnering &amp; Sponsoring Markus Frowein leitung2@rollhockey.tus-nord.de Jugendleitung Anja Steber GFJugend@rollhockey.tus-nord.de F\u00f6rderverein Sven Beckmann &nbsp;michabaltes@t-online.de Probetraining [&hellip;]","_links":{"self":[{"href":"https:\/\/tus-nord.de\/tus2\/wp-json\/wp\/v2\/pages\/2457","targetHints":{"allow":["GET"]}}],"collection":[{"href":"https:\/\/tus-nord.de\/tus2\/wp-json\/wp\/v2\/pages"}],"about":[{"href":"https:\/\/tus-nord.de\/tus2\/wp-json\/wp\/v2\/types\/page"}],"author":[{"embeddable":true,"href":"https:\/\/tus-nord.de\/tus2\/wp-json\/wp\/v2\/users\/18"}],"replies":[{"embeddable":true,"href":"https:\/\/tus-nord.de\/tus2\/wp-json\/wp\/v2\/comments?post=2457"}],"version-history":[{"count":29,"href":"https:\/\/tus-nord.de\/tus2\/wp-json\/wp\/v2\/pages\/2457\/revisions"}],"predecessor-version":[{"id":2785,"href":"https:\/\/tus-nord.de\/tus2\/wp-json\/wp\/v2\/pages\/2457\/revisions\/2785"}],"wp:attachment":[{"href":"https:\/\/tus-nord.de\/tus2\/wp-json\/wp\/v2\/media?parent=2457"}],"curies":[{"name":"wp","href":"https:\/\/api.w.org\/{rel}","templated":true}]}}