{"id":641,"date":"2017-04-23T17:38:13","date_gmt":"2017-04-23T15:38:13","guid":{"rendered":"http:\/\/tus-nord.de\/rollhockey\/?page_id=641"},"modified":"2022-03-20T19:31:26","modified_gmt":"2022-03-20T18:31:26","slug":"foerderverein","status":"publish","type":"page","link":"https:\/\/tus-nord.de\/tus2\/foerderverein\/","title":{"rendered":"F\u00f6rderverein"},"content":{"rendered":"<p>Jahresbericht<span class=\"Apple-converted-space\">\u00a0 <\/span>f\u00fcr das Programmheft 2021\/2022<span class=\"Apple-converted-space\">\u00a0 <\/span>vom \u201eF\u00f6rderverein zur ideellen und materiellen F\u00f6rderung der Rollsportabteilung des TuS D\u00fcsseldorf-Nord e. V\u201c.<\/p>\n<p>Der Vorstand des F\u00f6rdervereins setzt sich wie folgt zusammen:<\/p>\n<figure id=\"attachment_1892\" aria-describedby=\"caption-attachment-1892\" style=\"width: 300px\" class=\"wp-caption alignright\"><img loading=\"lazy\" decoding=\"async\" class=\"wp-image-1892 size-medium\" src=\"https:\/\/tus-nord.de\/tus2\/wp-content\/uploads\/2021\/10\/Foerderverein-Bild-1-300x198.jpg\" alt=\"F\u00f6rderverein TuS Nord\" width=\"300\" height=\"198\" srcset=\"https:\/\/tus-nord.de\/tus2\/wp-content\/uploads\/2021\/10\/Foerderverein-Bild-1-300x198.jpg 300w, https:\/\/tus-nord.de\/tus2\/wp-content\/uploads\/2021\/10\/Foerderverein-Bild-1-1024x675.jpg 1024w, https:\/\/tus-nord.de\/tus2\/wp-content\/uploads\/2021\/10\/Foerderverein-Bild-1-768x506.jpg 768w, https:\/\/tus-nord.de\/tus2\/wp-content\/uploads\/2021\/10\/Foerderverein-Bild-1-1536x1013.jpg 1536w, https:\/\/tus-nord.de\/tus2\/wp-content\/uploads\/2021\/10\/Foerderverein-Bild-1-2048x1351.jpg 2048w\" sizes=\"auto, (max-width: 300px) 100vw, 300px\" \/><figcaption id=\"caption-attachment-1892\" class=\"wp-caption-text\">v.l.: M. Baltes, B. Paczia, H. Beckmann<\/figcaption><\/figure>\n<p>1. Vorsitzender: Helmut Beckmann<\/p>\n<p>2. Vorsitzende: B\u00e4rbel Paczia<\/p>\n<p>Kassierer: Michael Baltes<\/p>\n<p>Der \u201eF\u00f6rderverein zur ideellen und materiellen F\u00f6rderung der Rollsportabteilung des TuS D\u00fcsseldorf-Nord e. V.\u201c, wurde am 04.08.1999 von Mitgliedern, Eltern und Rollsport begeisterten Personen gegr\u00fcndet. Das Ziel ist, den Rollsport im TuS D\u00fcsseldorf \u2013 Nord finanziell zu unterst\u00fctzen. Heute sind immer noch 6 von den 9 Gr\u00fcndungpersonen aktiv<span class=\"Apple-converted-space\">\u00a0 <\/span>dabei.<\/p>\n<p>Leider habe ich eine traurige Mitteilung zu machen, einer unserer Gr\u00fcndungsmitglieder, Edelbert Bange, ist unerwartet am 11.08.2021 im Alter von 77 Jahren verstorben. Er hatte sich immer f\u00fcr den F\u00f6rderverein eingesetzt. Unvergessen seine Spenden und die vielen finanziellen Unterst\u00fctzungen f\u00fcr den Rollsport. In Gedanken sind wir bei den Angeh\u00f6rigen. Wir werden Edelbert Bange immer in Erinnerung behalten.<span class=\"Apple-converted-space\">\u00a0<\/span><\/p>\n<p>In den letzten 22 Jahren konnten wir viele Projekte in verschiedensten Jahrg\u00e4ngen der Rollsportabteilung unterst\u00fctzen, wie z. B. mit:<\/p>\n<p>\u00b0 Anschaffung und Zusch\u00fcsse f\u00fcr<span class=\"Apple-converted-space\">\u00a0 <\/span>Sportausr\u00fcstungen<span class=\"Apple-converted-space\">\u00a0<\/span>Torwarte) u. v. A..<\/p>\n<p>\u00b0 Fahrkostenzusch\u00fcsse bei Ausw\u00e4rtsspielen (Deutsche Meisterschaften, Ausland- <span class=\"Apple-converted-space\">\u00a0 \u00a0 <\/span>Fahrten).<\/p>\n<p>\u00b0 Zusch\u00fcsse bzw. Vorauszahlungen f\u00fcr gro\u00dfe Turniere<\/p>\n<p>Es war f\u00fcr uns, wie f\u00fcr alle Menschen ein schweres Jahr in dieser Corona-Pandemie, und ich glaube, dass Sie uns noch eine Zeit lang begleiten wird.<\/p>\n<p>Daher geht zuerst einmal der Dank vom Vorstand des F\u00f6rdervereins an Sie Alle, die uns w\u00e4hrend dieser schweren Zeit mit ihrer Mietgliedschaft die Treue gehalten haben.<\/p>\n<p>Der F\u00f6rderverein hat aktuell 71 Mitglieder.<span class=\"Apple-converted-space\">\u00a0<\/span><\/p>\n<p>Das letzte Jahr war f\u00fcr uns ein sehr ruhiges Jahr, kein Spielbetrieb, keine Kontakte zum Verein und auch keine Einnahmen aus dem \u201eKaffee und Kuchenverkauf\u201c bei unseren Heimspielen unserer 1. Mannschaft. Wir hoffen, dass wir bald in der beginnenden Saison 2021\/2022 damit wieder rechnen k\u00f6nnen, es ist und war f\u00fcr uns eine sehr wichtige Einnahmequelle. An einem Hygiene-Konzept f\u00fcr den Verkaufsstand wird z. Zt. gearbeitet.<span class=\"Apple-converted-space\">\u00a0<\/span><\/p>\n<p>Wir konnten trotz dieser schwierigen Umst\u00e4nde den Antrag f\u00fcr ein Jugend-Camp der U15 und U17 in Konstanz am Bodensee w\u00e4hrend der Sommerferien unterst\u00fctzen. An diesem Camp nahmen 12 Jugendliche teil. Davon sind immerhin 9 Elternpaare im F\u00f6rderverein Mitglieder.<\/p>\n<p>Wir wollen zuversichtlich in die Zukunft blicken, dass unsere Jugend<span class=\"Apple-converted-space\">\u00a0 <\/span>wieder trainieren kann, und dass der Spielbetrieb f\u00fcr alle Mannschaften wieder los geht. Wir freuen uns darauf mit Ihnen gemeinsam den Rollsport weiterhin unterst\u00fctzen zu k\u00f6nnen. Bleiben Sie Gesund.<\/p>\n<p>Mit freundlichem Gru\u00df<\/p>\n<p>Helmut Beckmann, 1. Vorsitzender<\/p>\n<p><a href=\"https:\/\/tus-nord.de\/tus2\/wp-content\/uploads\/2022\/03\/Anmeldeformular-Foerderverein-2022.pdf\" target=\"_blank\" rel=\"noopener\">F\u00f6rderverein Anmeldeformular<\/a><\/p>\n","protected":false},"excerpt":{"rendered":"<p>Jahresbericht\u00a0 f\u00fcr das Programmheft 2021\/2022\u00a0 vom \u201eF\u00f6rderverein zur ideellen und materiellen F\u00f6rderung der Rollsportabteilung des TuS D\u00fcsseldorf-Nord e. V\u201c. Der [&hellip;]<\/p>\n","protected":false},"author":6,"featured_media":0,"parent":0,"menu_order":0,"comment_status":"closed","ping_status":"closed","template":"","meta":{"_uag_custom_page_level_css":"","site-sidebar-layout":"default","site-content-layout":"","ast-site-content-layout":"","site-content-style":"default","site-sidebar-style":"default","ast-global-header-display":"","ast-banner-title-visibility":"","ast-main-header-display":"","ast-hfb-above-header-display":"","ast-hfb-below-header-display":"","ast-hfb-mobile-header-display":"","site-post-title":"","ast-breadcrumbs-content":"","ast-featured-img":"","footer-sml-layout":"","theme-transparent-header-meta":"","adv-header-id-meta":"","stick-header-meta":"","header-above-stick-meta":"","header-main-stick-meta":"","header-below-stick-meta":"","astra-migrate-meta-layouts":"default","ast-page-background-enabled":"default","ast-page-background-meta":{"desktop":{"background-color":"var(--ast-global-color-5)","background-image":"","background-repeat":"repeat","background-position":"center center","background-size":"auto","background-attachment":"scroll","background-type":"","background-media":"","overlay-type":"","overlay-color":"","overlay-opacity":"","overlay-gradient":""},"tablet":{"background-color":"","background-image":"","background-repeat":"repeat","background-position":"center center","background-size":"auto","background-attachment":"scroll","background-type":"","background-media":"","overlay-type":"","overlay-color":"","overlay-opacity":"","overlay-gradient":""},"mobile":{"background-color":"","background-image":"","background-repeat":"repeat","background-position":"center center","background-size":"auto","background-attachment":"scroll","background-type":"","background-media":"","overlay-type":"","overlay-color":"","overlay-opacity":"","overlay-gradient":""}},"ast-content-background-meta":{"desktop":{"background-color":"var(--ast-global-color-4)","background-image":"","background-repeat":"repeat","background-position":"center center","background-size":"auto","background-attachment":"scroll","background-type":"","background-media":"","overlay-type":"","overlay-color":"","overlay-opacity":"","overlay-gradient":""},"tablet":{"background-color":"var(--ast-global-color-4)","background-image":"","background-repeat":"repeat","background-position":"center center","background-size":"auto","background-attachment":"scroll","background-type":"","background-media":"","overlay-type":"","overlay-color":"","overlay-opacity":"","overlay-gradient":""},"mobile":{"background-color":"var(--ast-global-color-4)","background-image":"","background-repeat":"repeat","background-position":"center center","background-size":"auto","background-attachment":"scroll","background-type":"","background-media":"","overlay-type":"","overlay-color":"","overlay-opacity":"","overlay-gradient":""}},"footnotes":""},"class_list":["post-641","page","type-page","status-publish","hentry"],"uagb_featured_image_src":{"full":false,"thumbnail":false,"medium":false,"medium_large":false,"large":false,"1536x1536":false,"2048x2048":false},"uagb_author_info":{"display_name":"fanta","author_link":"https:\/\/tus-nord.de\/tus2\/author\/fanta\/"},"uagb_comment_info":0,"uagb_excerpt":"Jahresbericht\u00a0 f\u00fcr das Programmheft 2021\/2022\u00a0 vom \u201eF\u00f6rderverein zur ideellen und materiellen F\u00f6rderung der Rollsportabteilung des TuS D\u00fcsseldorf-Nord e. V\u201c. Der [&hellip;]","_links":{"self":[{"href":"https:\/\/tus-nord.de\/tus2\/wp-json\/wp\/v2\/pages\/641","targetHints":{"allow":["GET"]}}],"collection":[{"href":"https:\/\/tus-nord.de\/tus2\/wp-json\/wp\/v2\/pages"}],"about":[{"href":"https:\/\/tus-nord.de\/tus2\/wp-json\/wp\/v2\/types\/page"}],"author":[{"embeddable":true,"href":"https:\/\/tus-nord.de\/tus2\/wp-json\/wp\/v2\/users\/6"}],"replies":[{"embeddable":true,"href":"https:\/\/tus-nord.de\/tus2\/wp-json\/wp\/v2\/comments?post=641"}],"version-history":[{"count":15,"href":"https:\/\/tus-nord.de\/tus2\/wp-json\/wp\/v2\/pages\/641\/revisions"}],"predecessor-version":[{"id":1939,"href":"https:\/\/tus-nord.de\/tus2\/wp-json\/wp\/v2\/pages\/641\/revisions\/1939"}],"wp:attachment":[{"href":"https:\/\/tus-nord.de\/tus2\/wp-json\/wp\/v2\/media?parent=641"}],"curies":[{"name":"wp","href":"https:\/\/api.w.org\/{rel}","templated":true}]}}